{"id":1820,"date":"2023-08-03T11:23:27","date_gmt":"2023-08-03T09:23:27","guid":{"rendered":"http:\/\/hbozentrum.de.w01f6a4b.kasserver.com\/impressum\/"},"modified":"2024-12-05T15:22:55","modified_gmt":"2024-12-05T13:22:55","slug":"imprint","status":"publish","type":"page","link":"https:\/\/hbozentrum.de\/en\/imprint\/","title":{"rendered":"Imprint"},"content":{"rendered":"\t\t<div data-elementor-type=\"wp-page\" data-elementor-id=\"1820\" class=\"elementor elementor-1820 elementor-17\" data-elementor-post-type=\"page\">\n\t\t\t\t<div class=\"elementor-element elementor-element-5f86000 e-flex e-con-boxed e-con e-parent\" data-id=\"5f86000\" data-element_type=\"container\">\n\t\t\t\t\t<div class=\"e-con-inner\">\n\t\t\t\t<div class=\"elementor-element elementor-element-d32ccab elementor-widget elementor-widget-text-editor\" data-id=\"d32ccab\" data-element_type=\"widget\" data-widget_type=\"text-editor.default\">\n\t\t\t\t<div class=\"elementor-widget-container\">\n\t\t\t\t\t\t\t\t\t<h1>Site Notice<\/h1><p>Achim Reither<br \/>Hyperbares Sauerstoff-Zentrum M\u00fcnchen<br \/>Karlstra\u00dfe 42<br \/>80333 M\u00fcnchen<\/p><h3>Contact<\/h3><p>Phone: (089) 548231-0<br \/>Telefax: (089) 548231-50<br \/>E-mail: info@hbozentrum.de<\/p><h3>Job title and professional regulations<\/h3><p>Job title:<br \/>Medical practitioners<\/p><h3>Person responsible for editorial<\/h3><p>Hyperbares Sauerstoff-Zentrum M\u00fcnchen<br \/>Inhaber: Dr. med. Achim Reither<br \/>Karlstra\u00dfe 42<br \/>80333 M\u00fcnchen<br \/>Deutschland<\/p><h3>EU dispute resolution<\/h3><p>The European Commission provides a platform for online dispute resolution (ODR): <a href=\"https:\/\/ec.europa.eu\/consumers\/odr\/\" target=\"_blank\" rel=\"noopener noreferrer\">https:\/\/ec.europa.eu\/consumers\/odr\/<\/a>.<br \/>Our e-mail address can be found above in the site notice.<\/p><h3>Dispute resolution proceedings in front of a consumer arbitration board<\/h3><p>We are not willing or obliged to participate in dispute resolution proceedings in front of a consumer arbitration board.<\/p>\t\t\t\t\t\t\t\t<\/div>\n\t\t\t\t<\/div>\n\t\t\t\t\t<\/div>\n\t\t\t\t<\/div>\n\t\t<div class=\"elementor-element elementor-element-0e98eb0 e-flex e-con-boxed e-con e-parent\" data-id=\"0e98eb0\" data-element_type=\"container\">\n\t\t\t\t\t<div class=\"e-con-inner\">\n\t\t\t\t<div class=\"elementor-element elementor-element-e56a893 elementor-widget elementor-widget-text-editor\" data-id=\"e56a893\" data-element_type=\"widget\" data-widget_type=\"text-editor.default\">\n\t\t\t\t<div class=\"elementor-widget-container\">\n\t\t\t\t\t\t\t\t\t<h3>Source reference<\/h3><p>Images: <a href=\"https:\/\/de.freepik.com\/\">Freepik<\/a><\/p><ul><li><a href=\"https:\/\/www.freepik.com\/premium-ai-image\/woman-with-smile-her-face_205451132.htm\">a woman with a smile on her face<\/a> <a href=\"https:\/\/www.freepik.com\/author\/brotherstocks\">by @Brother Stocks<\/a><\/li><li><a href=\"https:\/\/www.freepik.com\/free-photo\/headshot-modern-good-looking-young-european-hipster-wearing-stylish-hat-blue-jeans-shirt-holding-hands-clasped-front-him-having-thoughtful-dreamy-look-sitting-concrete-wall_9436999.htm\">Headshot of modern good-looking young European hipster wearing stylish hat and blue jeans shirt holding hands clasped in front of him, having thoughtful and dreamy look, sitting at concrete wall<\/a> <a href=\"https:\/\/www.freepik.com\/author\/wayhomestudio\">by @wayhomestudio<\/a><\/li><li><a href=\"https:\/\/www.freepik.com\/free-photo\/happy-woman-home-coronavirus-quarantine_18412045.htm\">Happy woman at home during coronavirus quarantine<\/a> <a href=\"https:\/\/www.freepik.com\/author\/rawpixel-com\">by @rawpixel.com<\/a><\/li><li><a href=\"https:\/\/www.freepik.com\/free-photo\/medium-shot-smiley-man-with-headphones_15500782.htm\">Medium shot smiley man with headphones<\/a> <a href=\"https:\/\/www.freepik.com\/author\/freepik\">by @freepik<\/a><\/li><li><a href=\"https:\/\/www.freepik.com\/free-photo\/elder-man-stretching-sidewalk_5653248.htm\">Elder man stretching on sidewalk<\/a> <a href=\"https:\/\/www.freepik.com\/author\/freepik\">by @freepik<\/a><\/li><li><a href=\"https:\/\/www.freepik.com\/free-photo\/boyfriend-lifting-his-happy-girlfriend_6278510.htm\">Boyfriend lifting his happy girlfriend<\/a> <a href=\"https:\/\/www.freepik.com\/author\/freepik\">by @freepik<\/a><\/li><li><a href=\"https:\/\/www.freepik.com\/free-photo\/wise-senior-man-posing-indoors-front-view_33803102.htm\">Wise senior man posing indoors front view<\/a> <a href=\"https:\/\/www.freepik.com\/author\/freepik\">by @freepik<\/a><\/li><li><a href=\"https:\/\/www.freepik.com\/free-photo\/front-view-smiley-man-relaxing-home_40408721.htm\">Front view smiley man relaxing at home<\/a> <a href=\"https:\/\/www.freepik.com\/author\/freepik\">by @freepik<\/a><\/li><li><a href=\"https:\/\/www.freepik.com\/free-photo\/senior-portrait_21081230.htm\">Senior portrait<\/a> <a href=\"https:\/\/www.freepik.com\/author\/freepik\">by @freepik<\/a><\/li><li><a href=\"https:\/\/www.freepik.com\/free-photo\/medium-close-up-shot-old-man-laughing_5282470.htm\">Medium close up shot old man laughing<\/a> <a href=\"https:\/\/www.freepik.com\/author\/freepik\">by @freepik<\/a><\/li><li><a href=\"https:\/\/www.freepik.com\/free-photo\/close-up-legs-hands-fitness-woman_12141511.htm\">Close-up legs and hands on a fitness woman<\/a> <a href=\"https:\/\/www.freepik.com\/author\/freepik\">by @freepik<\/a><\/li><li><a href=\"https:\/\/www.freepik.com\/free-photo\/i-like-that-good-job-happy-young-dark-skinned-female-wearing-casual-long-sleeved-t-shirt-making-thumbs-up-sign-smiling-cheerfully-showing-her-support-respect-someone-body-language_9440534.htm\">I like that. <\/a><a href=\"https:\/\/www.freepik.com\/author\/wayhomestudio\">by @wayhomestudio<\/a><\/li><li><a href=\"https:\/\/www.freepik.com\/free-photo\/portrait-beautiful-young-lady-has-dark-combed-hair-appealing-appearance-wears-casual-green-turtleneck-looks-gladfully-into-camera-poses-against-pink-background_12697891.htm\">Portrait of beautiful young lady has dark combed hair, appealing appearance, wears casual green turtleneck, looks gladfully into camera, poses against pink background<\/a> <a href=\"https:\/\/www.freepik.com\/author\/wayhomestudio\">by @wayhomestudio<\/a><\/li><li><a href=\"https:\/\/www.freepik.com\/free-photo\/front-view-wise-senior-man-posing-studio_33803075.htm\">Front view wise senior man posing in studio<\/a> <a href=\"https:\/\/www.freepik.com\/author\/freepik\">by @freepik<\/a><\/li><li><a href=\"https:\/\/www.freepik.com\/free-photo\/close-up-doctor-holding-clipboard_7625641.htm\">Close-up doctor holding clipboard<\/a> <a href=\"https:\/\/www.freepik.com\/author\/freepik\">by @freepik<\/a><\/li><li><a href=\"https:\/\/www.freepik.com\/free-photo\/medium-shot-swimmer-checking-watch_11305874.htm\">Medium shot swimmer checking watch<\/a> <a href=\"https:\/\/www.freepik.com\/author\/freepik\">by @freepik<\/a><\/li><li><a href=\"https:\/\/www.freepik.com\/free-photo\/senior-man-breathing-through-mask-oxygen-therapy-hyperbaric-chamber_26144363.htm\">Senior man breathing through mask during oxygen therapy in hyperbaric chamber<\/a> <a href=\"https:\/\/www.freepik.com\/author\/drazenzigic\">by @Drazen Zigic<\/a><\/li><li><a href=\"https:\/\/www.freepik.com\/premium-photo\/close-up-woman-holding-hands_121407488.htm\">Close-up of woman holding hands<\/a> <a href=\"https:\/\/www.freepik.com\/author\/EyeEm\">by @EyeEm<\/a><\/li><li><a href=\"https:\/\/www.freepik.com\/free-photo\/man-using-eye-drops-close-up_10361070.htm\">Man using eye drops close-up<\/a> <a href=\"https:\/\/www.freepik.com\/author\/freepik\">by @freepik<\/a><\/li><li><a href=\"https:\/\/www.freepik.com\/free-psd\/portrait-woman-with-headache_37305192.htm\">Portrait of woman with headache<\/a> <a href=\"https:\/\/www.freepik.com\/author\/freepik\">by @freepik<\/a><\/li><li><a href=\"https:\/\/www.freepik.com\/free-photo\/beautiful-woman-with-curly-blonde-hair-smiling_13348399.htm\">Beautiful woman with curly blonde hair smiling<\/a> <a href=\"https:\/\/www.freepik.com\/author\/freepik\">by @freepik<\/a><\/li><li><a href=\"https:\/\/www.freepik.com\/free-photo\/expressive-middle-aged-woman-posing_11203680.htm\">Expressive middle aged woman posing<\/a> <a href=\"https:\/\/www.freepik.com\/author\/shurkin-son\">by @shurkin_son<\/a><\/li><li><a href=\"https:\/\/www.freepik.com\/premium-photo\/low-angle-view-man-sea-against-sky_121581097.htm\">Low angle view of man in sea against sky<\/a> <a href=\"https:\/\/www.freepik.com\/author\/EyeEm\">by @EyeEm<\/a><\/li><li><a href=\"https:\/\/www.freepik.com\/free-photo\/young-shirtless-man-beach-with-scuba-diving-equipment_14456224.htm\"><span class=\"_yu5623a _1286nb1h _1286nb1k _1286nb16iv _1286nb12s0\">Young shirtless man on the beach with scuba diving equipment <\/span><\/a><a href=\"https:\/\/www.freepik.com\/author\/freepik\"><span class=\"_1286nb16dd\">by\u00a0@freepik<\/span><\/a><\/li><li><a href=\"https:\/\/www.freepik.com\/premium-photo\/scuba-diver-hand-tank-closeup_35890323.htm\"><span class=\"_yu5623a _1286nb1h _1286nb1k _1286nb16iv _1286nb12s0\">Scuba Diver Hand on Tank Closeup <\/span><\/a><a href=\"https:\/\/www.freepik.com\/author\/lesco\"><span class=\"_1286nb16dd\">by\u00a0@Lesco<\/span><\/a><\/li><\/ul><p>\u00a0<\/p><p>Icons: <a href=\"https:\/\/www.flaticon.com\/de\/\">Flaticon<\/a><\/p>\t\t\t\t\t\t\t\t<\/div>\n\t\t\t\t<\/div>\n\t\t\t\t\t<\/div>\n\t\t\t\t<\/div>\n\t\t\t\t<\/div>\n\t\t","protected":false},"excerpt":{"rendered":"<p>Site Notice Achim ReitherHyperbares Sauerstoff-Zentrum M\u00fcnchenKarlstra\u00dfe 4280333 M\u00fcnchen Contact Phone: (089) 548231-0Telefax: (089) 548231-50E-mail: info@hbozentrum.de Job title and professional regulations Job title:Medical practitioners Person responsible for editorial Hyperbares Sauerstoff-Zentrum M\u00fcnchenInhaber: Dr. med. Achim ReitherKarlstra\u00dfe 4280333 M\u00fcnchenDeutschland EU dispute resolution The European Commission provides a platform for online dispute resolution (ODR): https:\/\/ec.europa.eu\/consumers\/odr\/.Our e-mail address can be [&hellip;]<\/p>\n","protected":false},"author":2,"featured_media":0,"parent":0,"menu_order":12,"comment_status":"closed","ping_status":"closed","template":"","meta":{"footnotes":""},"class_list":["post-1820","page","type-page","status-publish","hentry"],"yoast_head":"<!-- This site is optimized with the Yoast SEO plugin v26.5 - https:\/\/yoast.com\/wordpress\/plugins\/seo\/ -->\n<title>Imprint - HBO M\u00fcnchen<\/title>\n<meta name=\"robots\" content=\"index, follow, max-snippet:-1, max-image-preview:large, max-video-preview:-1\" \/>\n<link rel=\"canonical\" href=\"https:\/\/hbozentrum.de\/impressum\/\" \/>\n<meta property=\"og:locale\" content=\"en_US\" \/>\n<meta property=\"og:type\" content=\"article\" \/>\n<meta property=\"og:title\" content=\"Imprint - HBO M\u00fcnchen\" \/>\n<meta property=\"og:description\" content=\"Site Notice Achim ReitherHyperbares Sauerstoff-Zentrum M\u00fcnchenKarlstra\u00dfe 4280333 M\u00fcnchen Contact Phone: (089) 548231-0Telefax: (089) 548231-50E-mail: info@hbozentrum.de Job title and professional regulations Job title:Medical practitioners Person responsible for editorial Hyperbares Sauerstoff-Zentrum M\u00fcnchenInhaber: Dr. med. Achim ReitherKarlstra\u00dfe 4280333 M\u00fcnchenDeutschland EU dispute resolution The European Commission provides a platform for online dispute resolution (ODR): https:\/\/ec.europa.eu\/consumers\/odr\/.Our e-mail address can be [&hellip;]\" \/>\n<meta property=\"og:url\" content=\"https:\/\/hbozentrum.de\/impressum\/\" \/>\n<meta property=\"og:site_name\" content=\"HBO M\u00fcnchen\" \/>\n<meta property=\"article:modified_time\" content=\"2024-12-05T13:22:55+00:00\" \/>\n<meta name=\"twitter:card\" content=\"summary_large_image\" \/>\n<meta name=\"twitter:label1\" content=\"Est. reading time\" \/>\n\t<meta name=\"twitter:data1\" content=\"2 minutes\" \/>\n<script type=\"application\/ld+json\" class=\"yoast-schema-graph\">{\"@context\":\"https:\/\/schema.org\",\"@graph\":[{\"@type\":\"WebPage\",\"@id\":\"https:\/\/hbozentrum.de\/impressum\/\",\"url\":\"https:\/\/hbozentrum.de\/impressum\/\",\"name\":\"Imprint - HBO M\u00fcnchen\",\"isPartOf\":{\"@id\":\"https:\/\/hbozentrum.de\/#website\"},\"datePublished\":\"2023-08-03T09:23:27+00:00\",\"dateModified\":\"2024-12-05T13:22:55+00:00\",\"breadcrumb\":{\"@id\":\"https:\/\/hbozentrum.de\/impressum\/#breadcrumb\"},\"inLanguage\":\"en-US\",\"potentialAction\":[{\"@type\":\"ReadAction\",\"target\":[\"https:\/\/hbozentrum.de\/impressum\/\"]}]},{\"@type\":\"BreadcrumbList\",\"@id\":\"https:\/\/hbozentrum.de\/impressum\/#breadcrumb\",\"itemListElement\":[{\"@type\":\"ListItem\",\"position\":1,\"name\":\"Home\",\"item\":\"https:\/\/hbozentrum.de\/\"},{\"@type\":\"ListItem\",\"position\":2,\"name\":\"Imprint\"}]},{\"@type\":\"WebSite\",\"@id\":\"https:\/\/hbozentrum.de\/#website\",\"url\":\"https:\/\/hbozentrum.de\/\",\"name\":\"HBO M\u00fcnchen\",\"description\":\"Das Hyperbare Sauerstoffzentrum in M\u00fcnchen\",\"publisher\":{\"@id\":\"https:\/\/hbozentrum.de\/#organization\"},\"potentialAction\":[{\"@type\":\"SearchAction\",\"target\":{\"@type\":\"EntryPoint\",\"urlTemplate\":\"https:\/\/hbozentrum.de\/?s={search_term_string}\"},\"query-input\":{\"@type\":\"PropertyValueSpecification\",\"valueRequired\":true,\"valueName\":\"search_term_string\"}}],\"inLanguage\":\"en-US\"},{\"@type\":\"Organization\",\"@id\":\"https:\/\/hbozentrum.de\/#organization\",\"name\":\"HBO M\u00fcnchen\",\"url\":\"https:\/\/hbozentrum.de\/\",\"logo\":{\"@type\":\"ImageObject\",\"inLanguage\":\"en-US\",\"@id\":\"https:\/\/hbozentrum.de\/#\/schema\/logo\/image\/\",\"url\":\"https:\/\/hbozentrum.de\/wp-content\/uploads\/2024\/11\/HBO_Logo.svg\",\"contentUrl\":\"https:\/\/hbozentrum.de\/wp-content\/uploads\/2024\/11\/HBO_Logo.svg\",\"width\":207,\"height\":44,\"caption\":\"HBO M\u00fcnchen\"},\"image\":{\"@id\":\"https:\/\/hbozentrum.de\/#\/schema\/logo\/image\/\"}}]}<\/script>\n<!-- \/ Yoast SEO plugin. -->","yoast_head_json":{"title":"Imprint - HBO M\u00fcnchen","robots":{"index":"index","follow":"follow","max-snippet":"max-snippet:-1","max-image-preview":"max-image-preview:large","max-video-preview":"max-video-preview:-1"},"canonical":"https:\/\/hbozentrum.de\/impressum\/","og_locale":"en_US","og_type":"article","og_title":"Imprint - HBO M\u00fcnchen","og_description":"Site Notice Achim ReitherHyperbares Sauerstoff-Zentrum M\u00fcnchenKarlstra\u00dfe 4280333 M\u00fcnchen Contact Phone: (089) 548231-0Telefax: (089) 548231-50E-mail: info@hbozentrum.de Job title and professional regulations Job title:Medical practitioners Person responsible for editorial Hyperbares Sauerstoff-Zentrum M\u00fcnchenInhaber: Dr. med. Achim ReitherKarlstra\u00dfe 4280333 M\u00fcnchenDeutschland EU dispute resolution The European Commission provides a platform for online dispute resolution (ODR): https:\/\/ec.europa.eu\/consumers\/odr\/.Our e-mail address can be [&hellip;]","og_url":"https:\/\/hbozentrum.de\/impressum\/","og_site_name":"HBO M\u00fcnchen","article_modified_time":"2024-12-05T13:22:55+00:00","twitter_card":"summary_large_image","twitter_misc":{"Est. reading time":"2 minutes"},"schema":{"@context":"https:\/\/schema.org","@graph":[{"@type":"WebPage","@id":"https:\/\/hbozentrum.de\/impressum\/","url":"https:\/\/hbozentrum.de\/impressum\/","name":"Imprint - HBO M\u00fcnchen","isPartOf":{"@id":"https:\/\/hbozentrum.de\/#website"},"datePublished":"2023-08-03T09:23:27+00:00","dateModified":"2024-12-05T13:22:55+00:00","breadcrumb":{"@id":"https:\/\/hbozentrum.de\/impressum\/#breadcrumb"},"inLanguage":"en-US","potentialAction":[{"@type":"ReadAction","target":["https:\/\/hbozentrum.de\/impressum\/"]}]},{"@type":"BreadcrumbList","@id":"https:\/\/hbozentrum.de\/impressum\/#breadcrumb","itemListElement":[{"@type":"ListItem","position":1,"name":"Home","item":"https:\/\/hbozentrum.de\/"},{"@type":"ListItem","position":2,"name":"Imprint"}]},{"@type":"WebSite","@id":"https:\/\/hbozentrum.de\/#website","url":"https:\/\/hbozentrum.de\/","name":"HBO M\u00fcnchen","description":"Das Hyperbare Sauerstoffzentrum in M\u00fcnchen","publisher":{"@id":"https:\/\/hbozentrum.de\/#organization"},"potentialAction":[{"@type":"SearchAction","target":{"@type":"EntryPoint","urlTemplate":"https:\/\/hbozentrum.de\/?s={search_term_string}"},"query-input":{"@type":"PropertyValueSpecification","valueRequired":true,"valueName":"search_term_string"}}],"inLanguage":"en-US"},{"@type":"Organization","@id":"https:\/\/hbozentrum.de\/#organization","name":"HBO M\u00fcnchen","url":"https:\/\/hbozentrum.de\/","logo":{"@type":"ImageObject","inLanguage":"en-US","@id":"https:\/\/hbozentrum.de\/#\/schema\/logo\/image\/","url":"https:\/\/hbozentrum.de\/wp-content\/uploads\/2024\/11\/HBO_Logo.svg","contentUrl":"https:\/\/hbozentrum.de\/wp-content\/uploads\/2024\/11\/HBO_Logo.svg","width":207,"height":44,"caption":"HBO M\u00fcnchen"},"image":{"@id":"https:\/\/hbozentrum.de\/#\/schema\/logo\/image\/"}}]}},"_links":{"self":[{"href":"https:\/\/hbozentrum.de\/en\/wp-json\/wp\/v2\/pages\/1820","targetHints":{"allow":["GET"]}}],"collection":[{"href":"https:\/\/hbozentrum.de\/en\/wp-json\/wp\/v2\/pages"}],"about":[{"href":"https:\/\/hbozentrum.de\/en\/wp-json\/wp\/v2\/types\/page"}],"author":[{"embeddable":true,"href":"https:\/\/hbozentrum.de\/en\/wp-json\/wp\/v2\/users\/2"}],"replies":[{"embeddable":true,"href":"https:\/\/hbozentrum.de\/en\/wp-json\/wp\/v2\/comments?post=1820"}],"version-history":[{"count":20,"href":"https:\/\/hbozentrum.de\/en\/wp-json\/wp\/v2\/pages\/1820\/revisions"}],"predecessor-version":[{"id":2010,"href":"https:\/\/hbozentrum.de\/en\/wp-json\/wp\/v2\/pages\/1820\/revisions\/2010"}],"wp:attachment":[{"href":"https:\/\/hbozentrum.de\/en\/wp-json\/wp\/v2\/media?parent=1820"}],"curies":[{"name":"wp","href":"https:\/\/api.w.org\/{rel}","templated":true}]}}